{"id":4255,"date":"2022-12-21T16:33:43","date_gmt":"2022-12-21T19:33:43","guid":{"rendered":"https:\/\/www.nativoarte.cl\/?post_type=product&#038;p=4255"},"modified":"2023-05-01T14:00:14","modified_gmt":"2023-05-01T17:00:14","slug":"anillo-de-raiz","status":"publish","type":"product","link":"https:\/\/www.nativoarte.cl\/?product=anillo-de-raiz","title":{"rendered":"Anillo de ra\u00edz"},"content":{"rendered":"","protected":false},"excerpt":{"rendered":"<p>Anillo de ra\u00edz de \u00e1rbol nativo<\/p>\n","protected":false},"featured_media":4256,"comment_status":"open","ping_status":"closed","template":"","meta":{"_joinchat":[]},"product_cat":[85],"product_tag":[],"class_list":{"0":"post-4255","1":"product","2":"type-product","3":"status-publish","4":"has-post-thumbnail","6":"product_cat-anillos","8":"first","9":"instock","10":"shipping-taxable","11":"purchasable","12":"product-type-simple"},"_links":{"self":[{"href":"https:\/\/www.nativoarte.cl\/index.php?rest_route=\/wp\/v2\/product\/4255","targetHints":{"allow":["GET"]}}],"collection":[{"href":"https:\/\/www.nativoarte.cl\/index.php?rest_route=\/wp\/v2\/product"}],"about":[{"href":"https:\/\/www.nativoarte.cl\/index.php?rest_route=\/wp\/v2\/types\/product"}],"replies":[{"embeddable":true,"href":"https:\/\/www.nativoarte.cl\/index.php?rest_route=%2Fwp%2Fv2%2Fcomments&post=4255"}],"wp:featuredmedia":[{"embeddable":true,"href":"https:\/\/www.nativoarte.cl\/index.php?rest_route=\/wp\/v2\/media\/4256"}],"wp:attachment":[{"href":"https:\/\/www.nativoarte.cl\/index.php?rest_route=%2Fwp%2Fv2%2Fmedia&parent=4255"}],"wp:term":[{"taxonomy":"product_cat","embeddable":true,"href":"https:\/\/www.nativoarte.cl\/index.php?rest_route=%2Fwp%2Fv2%2Fproduct_cat&post=4255"},{"taxonomy":"product_tag","embeddable":true,"href":"https:\/\/www.nativoarte.cl\/index.php?rest_route=%2Fwp%2Fv2%2Fproduct_tag&post=4255"}],"curies":[{"name":"wp","href":"https:\/\/api.w.org\/{rel}","templated":true}]}}